{"id":2043,"date":"2023-09-29T13:53:41","date_gmt":"2023-09-29T11:53:41","guid":{"rendered":"https:\/\/firstadvisor.ch\/?page_id=2043&#038;lang=de"},"modified":"2023-09-29T14:31:29","modified_gmt":"2023-09-29T12:31:29","slug":"gehaltsabrechnungen","status":"publish","type":"page","link":"https:\/\/firstadvisor.ch\/de\/firmen\/gehaltsabrechnungen\/","title":{"rendered":"Gehaltsabrechnungen"},"content":{"rendered":"\t\t<div data-elementor-type=\"wp-page\" data-elementor-id=\"2043\" class=\"elementor elementor-2043 elementor-258\" data-elementor-post-type=\"page\">\n\t\t\t\t<div class=\"elementor-element elementor-element-d5ff096 e-con-full e-flex e-con e-parent\" data-id=\"d5ff096\" data-element_type=\"container\" data-e-type=\"container\">\n\t\t\t\t<div class=\"elementor-element elementor-element-6f33630 elementor-widget elementor-widget-template\" data-id=\"6f33630\" data-element_type=\"widget\" data-e-type=\"widget\" data-widget_type=\"template.default\">\n\t\t\t\t<div class=\"elementor-widget-container\">\n\t\t\t\t\t\t\t<div class=\"elementor-template\">\n\t\t\t\t\t<div data-elementor-type=\"container\" data-elementor-id=\"6464\" class=\"elementor elementor-6464 elementor-5287 elementor-5287\" data-elementor-post-type=\"elementor_library\">\n\t\t\t\t<div class=\"elementor-element elementor-element-4b964ba9 e-flex e-con-boxed e-con e-parent\" data-id=\"4b964ba9\" data-element_type=\"container\" data-e-type=\"container\" data-settings=\"{&quot;background_background&quot;:&quot;classic&quot;}\">\n\t\t\t\t\t<div class=\"e-con-inner\">\n\t\t\t\t<div class=\"elementor-element elementor-element-3101ccc7 elementor-widget elementor-widget-heading\" data-id=\"3101ccc7\" data-element_type=\"widget\" data-e-type=\"widget\" data-widget_type=\"heading.default\">\n\t\t\t\t<div class=\"elementor-widget-container\">\n\t\t\t\t\t<h1 class=\"elementor-heading-title elementor-size-default\">Gehaltsabrechnungen<\/h1>\t\t\t\t<\/div>\n\t\t\t\t<\/div>\n\t\t\t\t\t<\/div>\n\t\t\t\t<\/div>\n\t\t\t\t<\/div>\n\t\t\t\t<\/div>\n\t\t\t\t\t\t<\/div>\n\t\t\t\t<\/div>\n\t\t\t\t<\/div>\n\t\t<div class=\"elementor-element elementor-element-f076388 e-flex e-con-boxed e-con e-parent\" data-id=\"f076388\" data-element_type=\"container\" data-e-type=\"container\">\n\t\t\t\t\t<div class=\"e-con-inner\">\n\t\t<div class=\"elementor-element elementor-element-6afa103 e-con-full side-menu e-flex e-con e-child\" data-id=\"6afa103\" data-element_type=\"container\" data-e-type=\"container\">\n\t\t\t\t<div class=\"elementor-element elementor-element-8d5e642 elementor-widget elementor-widget-template\" data-id=\"8d5e642\" data-element_type=\"widget\" data-e-type=\"widget\" data-widget_type=\"template.default\">\n\t\t\t\t<div class=\"elementor-widget-container\">\n\t\t\t\t\t\t\t<div class=\"elementor-template\">\n\t\t\t\t\t<div data-elementor-type=\"container\" data-elementor-id=\"6472\" class=\"elementor elementor-6472 elementor-5783 elementor-5783\" data-elementor-post-type=\"elementor_library\">\n\t\t\t\t<div class=\"elementor-element elementor-element-1b6eed6b e-con-full side-menu e-flex e-con e-child\" data-id=\"1b6eed6b\" data-element_type=\"container\" data-e-type=\"container\">\n\t\t\t\t<div class=\"elementor-element elementor-element-5cdb976d side-menu__accordion elementor-widget elementor-widget-n-accordion\" data-id=\"5cdb976d\" data-element_type=\"widget\" data-e-type=\"widget\" data-settings=\"{&quot;default_state&quot;:&quot;expanded&quot;,&quot;max_items_expended&quot;:&quot;one&quot;,&quot;n_accordion_animation_duration&quot;:{&quot;unit&quot;:&quot;ms&quot;,&quot;size&quot;:400,&quot;sizes&quot;:[]}}\" open2221=\"\" data-widget_type=\"nested-accordion.default\">\n\t\t\t\t<div class=\"elementor-widget-container\">\n\t\t\t\t\t\t\t<div class=\"e-n-accordion\" aria-label=\"Accordion. Open links with Enter or Space, close with Escape, and navigate with Arrow Keys\">\n\t\t\t\t\t\t<details id=\"e-n-accordion-item-1550\" class=\"e-n-accordion-item\" open>\n\t\t\t\t<summary class=\"e-n-accordion-item-title\" data-accordion-index=\"1\" tabindex=\"0\" aria-expanded=\"true\" aria-controls=\"e-n-accordion-item-1550\" >\n\t\t\t\t\t<span class='e-n-accordion-item-title-header'><h2 class=\"e-n-accordion-item-title-text\"> T\u00e4tigkeitsbereiche <\/h2><\/span>\n\t\t\t\t\t\t\t<span class='e-n-accordion-item-title-icon'>\n\t\t\t<span class='e-opened' ><i aria-hidden=\"true\" class=\"fas fa-minus\"><\/i><\/span>\n\t\t\t<span class='e-closed'><i aria-hidden=\"true\" class=\"fas fa-plus\"><\/i><\/span>\n\t\t<\/span>\n\n\t\t\t\t\t\t<\/summary>\n\t\t\t\t<div role=\"region\" aria-labelledby=\"e-n-accordion-item-1550\" class=\"elementor-element elementor-element-5d4d22a5 e-con-full hide-under-1025 e-flex e-con e-child\" data-id=\"5d4d22a5\" data-element_type=\"container\" data-e-type=\"container\">\n\t\t\t\t<div class=\"elementor-element elementor-element-b6d778e elementor-nav-menu__align-justify elementor-nav-menu--dropdown-none elementor-widget elementor-widget-nav-menu\" data-id=\"b6d778e\" data-element_type=\"widget\" data-e-type=\"widget\" data-settings=\"{&quot;submenu_icon&quot;:{&quot;value&quot;:&quot;&lt;i class=\\&quot;fas fa-angle-down\\&quot; aria-hidden=\\&quot;true\\&quot;&gt;&lt;\\\/i&gt;&quot;,&quot;library&quot;:&quot;fa-solid&quot;},&quot;layout&quot;:&quot;vertical&quot;}\" data-widget_type=\"nav-menu.default\">\n\t\t\t\t<div class=\"elementor-widget-container\">\n\t\t\t\t\t\t\t\t<nav aria-label=\"Men\u00fc\" class=\"elementor-nav-menu--main elementor-nav-menu__container elementor-nav-menu--layout-vertical e--pointer-none\">\n\t\t\t\t<ul id=\"menu-1-b6d778e\" class=\"elementor-nav-menu sm-vertical\"><li class=\"menu-item menu-item-type-post_type menu-item-object-page menu-item-4696\"><a href=\"https:\/\/firstadvisor.ch\/de\/firmen\/administrative-services\/\" class=\"elementor-item\">Administrative Services<\/a><\/li>\n<li class=\"menu-item menu-item-type-post_type menu-item-object-page menu-item-4697\"><a href=\"https:\/\/firstadvisor.ch\/de\/firmen\/firmengruendungen\/\" class=\"elementor-item\">Firmengr\u00fcndungen<\/a><\/li>\n<li class=\"menu-item menu-item-type-post_type menu-item-object-page menu-item-4698\"><a href=\"https:\/\/firstadvisor.ch\/de\/firmen\/compliance-aml\/\" class=\"elementor-item\">Compliance \/ AML<\/a><\/li>\n<li class=\"menu-item menu-item-type-post_type menu-item-object-page menu-item-4699\"><a href=\"https:\/\/firstadvisor.ch\/de\/firmen\/corporate-services-2\/\" class=\"elementor-item\">Corporate Services<\/a><\/li>\n<li class=\"menu-item menu-item-type-post_type menu-item-object-page menu-item-4700\"><a href=\"https:\/\/firstadvisor.ch\/de\/firmen\/eu-mehrwertsteuer\/\" class=\"elementor-item\">EU-Mehrwertsteuer<\/a><\/li>\n<li class=\"menu-item menu-item-type-post_type menu-item-object-page menu-item-4701\"><a href=\"https:\/\/firstadvisor.ch\/de\/firmen\/archivierung-von-dokumenten\/\" class=\"elementor-item\">Archivierung von Dokumenten<\/a><\/li>\n<li class=\"menu-item menu-item-type-post_type menu-item-object-page menu-item-4702\"><a href=\"https:\/\/firstadvisor.ch\/de\/firmen\/corporate-services\/\" class=\"elementor-item\">Fund Services<\/a><\/li>\n<li class=\"menu-item menu-item-type-post_type menu-item-object-page menu-item-4703\"><a href=\"https:\/\/firstadvisor.ch\/de\/firmen\/internationales-steuerrecht\/\" class=\"elementor-item\">Internationales Steuerrecht<\/a><\/li>\n<li class=\"menu-item menu-item-type-post_type menu-item-object-page menu-item-4704\"><a href=\"https:\/\/firstadvisor.ch\/de\/firmen\/legal-advisory\/\" class=\"elementor-item\">Legal Advisory<\/a><\/li>\n<li class=\"menu-item menu-item-type-post_type menu-item-object-page menu-item-4705\"><a href=\"https:\/\/firstadvisor.ch\/de\/firmen\/treuhand-services-direktorenmandate\/\" class=\"elementor-item\">Treuhand-Services &#038; Direktorenmandate<\/a><\/li>\n<li class=\"menu-item menu-item-type-post_type menu-item-object-page menu-item-4706\"><a href=\"https:\/\/firstadvisor.ch\/de\/firmen\/gehaltsabrechnungen\/\" class=\"elementor-item\">Gehaltsabrechnungen<\/a><\/li>\n<li class=\"menu-item menu-item-type-post_type menu-item-object-page menu-item-4707\"><a href=\"https:\/\/firstadvisor.ch\/de\/firmen\/laufende-buchhaltung\/\" class=\"elementor-item\">Laufende Buchhaltung<\/a><\/li>\n<\/ul>\t\t\t<\/nav>\n\t\t\t\t\t\t<nav class=\"elementor-nav-menu--dropdown elementor-nav-menu__container\" aria-hidden=\"true\">\n\t\t\t\t<ul id=\"menu-2-b6d778e\" class=\"elementor-nav-menu sm-vertical\"><li class=\"menu-item menu-item-type-post_type menu-item-object-page menu-item-4696\"><a href=\"https:\/\/firstadvisor.ch\/de\/firmen\/administrative-services\/\" class=\"elementor-item\" tabindex=\"-1\">Administrative Services<\/a><\/li>\n<li class=\"menu-item menu-item-type-post_type menu-item-object-page menu-item-4697\"><a href=\"https:\/\/firstadvisor.ch\/de\/firmen\/firmengruendungen\/\" class=\"elementor-item\" tabindex=\"-1\">Firmengr\u00fcndungen<\/a><\/li>\n<li class=\"menu-item menu-item-type-post_type menu-item-object-page menu-item-4698\"><a href=\"https:\/\/firstadvisor.ch\/de\/firmen\/compliance-aml\/\" class=\"elementor-item\" tabindex=\"-1\">Compliance \/ AML<\/a><\/li>\n<li class=\"menu-item menu-item-type-post_type menu-item-object-page menu-item-4699\"><a href=\"https:\/\/firstadvisor.ch\/de\/firmen\/corporate-services-2\/\" class=\"elementor-item\" tabindex=\"-1\">Corporate Services<\/a><\/li>\n<li class=\"menu-item menu-item-type-post_type menu-item-object-page menu-item-4700\"><a href=\"https:\/\/firstadvisor.ch\/de\/firmen\/eu-mehrwertsteuer\/\" class=\"elementor-item\" tabindex=\"-1\">EU-Mehrwertsteuer<\/a><\/li>\n<li class=\"menu-item menu-item-type-post_type menu-item-object-page menu-item-4701\"><a href=\"https:\/\/firstadvisor.ch\/de\/firmen\/archivierung-von-dokumenten\/\" class=\"elementor-item\" tabindex=\"-1\">Archivierung von Dokumenten<\/a><\/li>\n<li class=\"menu-item menu-item-type-post_type menu-item-object-page menu-item-4702\"><a href=\"https:\/\/firstadvisor.ch\/de\/firmen\/corporate-services\/\" class=\"elementor-item\" tabindex=\"-1\">Fund Services<\/a><\/li>\n<li class=\"menu-item menu-item-type-post_type menu-item-object-page menu-item-4703\"><a href=\"https:\/\/firstadvisor.ch\/de\/firmen\/internationales-steuerrecht\/\" class=\"elementor-item\" tabindex=\"-1\">Internationales Steuerrecht<\/a><\/li>\n<li class=\"menu-item menu-item-type-post_type menu-item-object-page menu-item-4704\"><a href=\"https:\/\/firstadvisor.ch\/de\/firmen\/legal-advisory\/\" class=\"elementor-item\" tabindex=\"-1\">Legal Advisory<\/a><\/li>\n<li class=\"menu-item menu-item-type-post_type menu-item-object-page menu-item-4705\"><a href=\"https:\/\/firstadvisor.ch\/de\/firmen\/treuhand-services-direktorenmandate\/\" class=\"elementor-item\" tabindex=\"-1\">Treuhand-Services &#038; Direktorenmandate<\/a><\/li>\n<li class=\"menu-item menu-item-type-post_type menu-item-object-page menu-item-4706\"><a href=\"https:\/\/firstadvisor.ch\/de\/firmen\/gehaltsabrechnungen\/\" class=\"elementor-item\" tabindex=\"-1\">Gehaltsabrechnungen<\/a><\/li>\n<li class=\"menu-item menu-item-type-post_type menu-item-object-page menu-item-4707\"><a href=\"https:\/\/firstadvisor.ch\/de\/firmen\/laufende-buchhaltung\/\" class=\"elementor-item\" tabindex=\"-1\">Laufende Buchhaltung<\/a><\/li>\n<\/ul>\t\t\t<\/nav>\n\t\t\t\t\t\t<\/div>\n\t\t\t\t<\/div>\n\t\t\t\t<\/div>\n\t\t\t\t\t<\/details>\n\t\t\t\t\t<\/div>\n\t\t\t\t\t\t<\/div>\n\t\t\t\t<\/div>\n\t\t\t\t<\/div>\n\t\t\t\t<\/div>\n\t\t\t\t<\/div>\n\t\t\t\t\t\t<\/div>\n\t\t\t\t<\/div>\n\t\t\t\t<\/div>\n\t\t<div class=\"elementor-element elementor-element-d6bd826 e-flex e-con-boxed e-con e-child\" data-id=\"d6bd826\" data-element_type=\"container\" data-e-type=\"container\">\n\t\t\t\t\t<div class=\"e-con-inner\">\n\t\t<article class=\"elementor-element elementor-element-a2efddf image-box e-con-full e-flex e-con e-child\" data-id=\"a2efddf\" data-element_type=\"container\" data-e-type=\"container\">\n\t\t\t\t<div class=\"elementor-element elementor-element-ac8c29b elementor-widget elementor-widget-image\" data-id=\"ac8c29b\" data-element_type=\"widget\" data-e-type=\"widget\" data-widget_type=\"image.default\">\n\t\t\t\t<div class=\"elementor-widget-container\">\n\t\t\t\t\t\t\t\t\t\t\t\t\t\t\t<img fetchpriority=\"high\" decoding=\"async\" width=\"700\" height=\"377\" src=\"https:\/\/firstadvisor.ch\/wp-content\/uploads\/2016\/11\/Fotolia_99588132_S_700x377_res72.jpg\" class=\"attachment-medium_large size-medium_large wp-image-3016\" alt=\"\" srcset=\"https:\/\/firstadvisor.ch\/wp-content\/uploads\/2016\/11\/Fotolia_99588132_S_700x377_res72.jpg 700w, https:\/\/firstadvisor.ch\/wp-content\/uploads\/2016\/11\/Fotolia_99588132_S_700x377_res72-300x162.jpg 300w, https:\/\/firstadvisor.ch\/wp-content\/uploads\/2016\/11\/Fotolia_99588132_S_700x377_res72-370x199.jpg 370w, https:\/\/firstadvisor.ch\/wp-content\/uploads\/2016\/11\/Fotolia_99588132_S_700x377_res72-360x194.jpg 360w\" sizes=\"(max-width: 700px) 100vw, 700px\" \/>\t\t\t\t\t\t\t\t\t\t\t\t\t\t\t<\/div>\n\t\t\t\t<\/div>\n\t\t\t\t<div class=\"elementor-element elementor-element-3be8fa6 elementor-widget elementor-widget-heading\" data-id=\"3be8fa6\" data-element_type=\"widget\" data-e-type=\"widget\" data-widget_type=\"heading.default\">\n\t\t\t\t<div class=\"elementor-widget-container\">\n\t\t\t\t\t<h3 class=\"elementor-heading-title elementor-size-default\">Gehaltsabrechnungen<\/h3>\t\t\t\t<\/div>\n\t\t\t\t<\/div>\n\t\t\t\t<div class=\"elementor-element elementor-element-48701bb elementor-widget elementor-widget-text-editor\" data-id=\"48701bb\" data-element_type=\"widget\" data-e-type=\"widget\" data-widget_type=\"text-editor.default\">\n\t\t\t\t<div class=\"elementor-widget-container\">\n\t\t\t\t\t\t\t\t\t<p>Ein erfahrenes und professionelles Buchhaltungsteam f\u00fcr das Gehaltsmanagement steht f\u00fcr schnelle und zuverl\u00e4ssige Dienstleistungen rund um alle laufenden Arbeiten des Gehaltsmanagements.<\/p>\n<p>Selbstverst\u00e4ndlich decken wir das gesamte Payroll-Angebot ab, einschlie\u00dflich Geh\u00e4lter, Lohnabrechnung, \u00dcberstundenberechnungen, Boni und Reisekosten. Wir werden sicherstellen, dass alle erforderlichen Unterlagen rechtzeitig bei allen verbundenen Parteien eingereicht werden \u2013 einschlie\u00dflich Steuerverwaltung und Sozialversicherung.<\/p>\n<p>Alle Dateien sind st\u00e4ndig verf\u00fcgbar und, sieben Tage die Woche, rund um die Uhr \u00fcber unsere Intranet-Plattform online abrufbar, zudem aber auch sicher in unserem Archiv gespeichert.<\/p>\n\t\t\t\t\t\t\t\t<\/div>\n\t\t\t\t<\/div>\n\t\t\t\t<\/article>\n\t\t<article class=\"elementor-element elementor-element-d111d34 image-box e-con-full e-flex e-con e-child\" data-id=\"d111d34\" data-element_type=\"container\" data-e-type=\"container\">\n\t\t\t\t<div class=\"elementor-element elementor-element-2e71296 elementor-widget elementor-widget-image\" data-id=\"2e71296\" data-element_type=\"widget\" data-e-type=\"widget\" data-widget_type=\"image.default\">\n\t\t\t\t<div class=\"elementor-widget-container\">\n\t\t\t\t\t\t\t\t\t\t\t\t\t\t\t<img decoding=\"async\" width=\"700\" height=\"377\" src=\"https:\/\/firstadvisor.ch\/wp-content\/uploads\/2014\/12\/Fotolia_126903165_S_700x377_res72.jpg\" class=\"attachment-medium_large size-medium_large wp-image-3025\" alt=\"\" srcset=\"https:\/\/firstadvisor.ch\/wp-content\/uploads\/2014\/12\/Fotolia_126903165_S_700x377_res72.jpg 700w, https:\/\/firstadvisor.ch\/wp-content\/uploads\/2014\/12\/Fotolia_126903165_S_700x377_res72-300x162.jpg 300w, https:\/\/firstadvisor.ch\/wp-content\/uploads\/2014\/12\/Fotolia_126903165_S_700x377_res72-370x199.jpg 370w, https:\/\/firstadvisor.ch\/wp-content\/uploads\/2014\/12\/Fotolia_126903165_S_700x377_res72-360x194.jpg 360w\" sizes=\"(max-width: 700px) 100vw, 700px\" \/>\t\t\t\t\t\t\t\t\t\t\t\t\t\t\t<\/div>\n\t\t\t\t<\/div>\n\t\t\t\t<div class=\"elementor-element elementor-element-93ad22d elementor-widget elementor-widget-heading\" data-id=\"93ad22d\" data-element_type=\"widget\" data-e-type=\"widget\" data-widget_type=\"heading.default\">\n\t\t\t\t<div class=\"elementor-widget-container\">\n\t\t\t\t\t<h3 class=\"elementor-heading-title elementor-size-default\">Gehaltsabrechungservices zu Ihrer Entlastung<\/h3>\t\t\t\t<\/div>\n\t\t\t\t<\/div>\n\t\t\t\t<div class=\"elementor-element elementor-element-adf1242 elementor-widget elementor-widget-text-editor\" data-id=\"adf1242\" data-element_type=\"widget\" data-e-type=\"widget\" data-widget_type=\"text-editor.default\">\n\t\t\t\t<div class=\"elementor-widget-container\">\n\t\t\t\t\t\t\t\t\t<p>Warum sollten Sie sich selbst stressen, indem Sie das Personal- und Gehaltsmanagement f\u00fcr Ihre Mitarbeiter selbst f\u00fchren. Wir entlasten Ihre Schulter und helfen Ihnen, sich auf das zu konzentrieren, was wirklich wichtig ist, Ihr Unternehmen wachsen zu lassen und die Gewinne zu steigern.<\/p>\n<p>Durch unsere Kapazit\u00e4ten und die st\u00e4ndige Schulung unserer Mitarbeiter, die sich st\u00e4ndig \u00e4ndernde Vorschriften \u00fcberwachen, werden wir eine Win-Win-Situation schaffen, die f\u00fcr unsere Partnerschaft von Vorteil ist.<\/p>\n<p>&nbsp;<\/p>\n\t\t\t\t\t\t\t\t<\/div>\n\t\t\t\t<\/div>\n\t\t\t\t<\/article>\n\t\t\t\t\t<\/div>\n\t\t\t\t<\/div>\n\t\t\t\t\t<\/div>\n\t\t\t\t<\/div>\n\t\t<div class=\"elementor-element elementor-element-5068944 e-flex e-con-boxed e-con e-parent\" data-id=\"5068944\" data-element_type=\"container\" data-e-type=\"container\">\n\t\t\t\t\t<div class=\"e-con-inner\">\n\t\t\t\t<div class=\"elementor-element elementor-element-2b90012 elementor-widget elementor-widget-template\" data-id=\"2b90012\" data-element_type=\"widget\" data-e-type=\"widget\" data-widget_type=\"template.default\">\n\t\t\t\t<div class=\"elementor-widget-container\">\n\t\t\t\t\t\t\t<div class=\"elementor-template\">\n\t\t\t\t\t<div data-elementor-type=\"container\" data-elementor-id=\"6480\" class=\"elementor elementor-6480 elementor-6284 elementor-6284\" data-elementor-post-type=\"elementor_library\">\n\t\t\t\t<div class=\"elementor-element elementor-element-2ad30646 e-flex e-con-boxed e-con e-parent\" data-id=\"2ad30646\" data-element_type=\"container\" data-e-type=\"container\" data-settings=\"{&quot;background_background&quot;:&quot;classic&quot;}\">\n\t\t\t\t\t<div class=\"e-con-inner\">\n\t\t\t\t<div class=\"elementor-element elementor-element-73ba9d44 elementor-widget elementor-widget-heading\" data-id=\"73ba9d44\" data-element_type=\"widget\" data-e-type=\"widget\" data-widget_type=\"heading.default\">\n\t\t\t\t<div class=\"elementor-widget-container\">\n\t\t\t\t\t<h2 class=\"elementor-heading-title elementor-size-default\">Haben Sie Fragen oder brauchen Sie Rat? Kontaktieren Sie uns!<\/h2>\t\t\t\t<\/div>\n\t\t\t\t<\/div>\n\t\t\t\t<div class=\"elementor-element elementor-element-71bd1b92 elementor-widget elementor-widget-template\" data-id=\"71bd1b92\" data-element_type=\"widget\" data-e-type=\"widget\" data-widget_type=\"template.default\">\n\t\t\t\t<div class=\"elementor-widget-container\">\n\t\t\t\t\t\t\t<div class=\"elementor-template\">\n\t\t\t\t\t<div data-elementor-type=\"container\" data-elementor-id=\"6454\" class=\"elementor elementor-6454 elementor-5333 elementor-5333 elementor-5333\" data-elementor-post-type=\"elementor_library\">\n\t\t\t\t<div class=\"elementor-element elementor-element-142aef48 e-flex e-con-boxed e-con e-parent\" data-id=\"142aef48\" data-element_type=\"container\" data-e-type=\"container\" data-settings=\"{&quot;background_background&quot;:&quot;classic&quot;}\">\n\t\t\t\t\t<div class=\"e-con-inner\">\n\t\t\t\t<div class=\"elementor-element elementor-element-1cf30086 elementor-button-align-stretch elementor-widget elementor-widget-form\" data-id=\"1cf30086\" data-element_type=\"widget\" data-e-type=\"widget\" data-settings=\"{&quot;step_next_label&quot;:&quot;WEiter&quot;,&quot;step_previous_label&quot;:&quot;Zur\\u00fcck&quot;,&quot;button_width&quot;:&quot;33&quot;,&quot;step_type&quot;:&quot;number_text&quot;,&quot;step_icon_shape&quot;:&quot;circle&quot;}\" data-widget_type=\"form.default\">\n\t\t\t\t<div class=\"elementor-widget-container\">\n\t\t\t\t\t\t\t<form class=\"elementor-form\" method=\"post\" name=\"Kontaktformular\" aria-label=\"Kontaktformular\">\n\t\t\t<input type=\"hidden\" name=\"post_id\" value=\"6454\"\/>\n\t\t\t<input type=\"hidden\" name=\"form_id\" value=\"1cf30086\"\/>\n\t\t\t<input type=\"hidden\" name=\"referer_title\" value=\"\" \/>\n\n\t\t\t\n\t\t\t<div class=\"elementor-form-fields-wrapper elementor-labels-above\">\n\t\t\t\t\t\t\t\t<div class=\"elementor-field-type-text elementor-field-group elementor-column elementor-field-group-name elementor-col-33 elementor-field-required elementor-mark-required\">\n\t\t\t\t\t\t\t\t\t\t\t\t<label for=\"form-field-name\" class=\"elementor-field-label\">\n\t\t\t\t\t\t\t\tName oder Unternehmen\t\t\t\t\t\t\t<\/label>\n\t\t\t\t\t\t\t\t\t\t\t\t\t\t<input size=\"1\" type=\"text\" name=\"form_fields[name]\" id=\"form-field-name\" class=\"elementor-field elementor-size-sm  elementor-field-textual\" required=\"required\">\n\t\t\t\t\t\t\t\t\t\t\t<\/div>\n\t\t\t\t\t\t\t\t<div class=\"elementor-field-type-email elementor-field-group elementor-column elementor-field-group-email elementor-col-33 elementor-field-required elementor-mark-required\">\n\t\t\t\t\t\t\t\t\t\t\t\t<label for=\"form-field-email\" class=\"elementor-field-label\">\n\t\t\t\t\t\t\t\tE-Mail\t\t\t\t\t\t\t<\/label>\n\t\t\t\t\t\t\t\t\t\t\t\t\t\t<input size=\"1\" type=\"email\" name=\"form_fields[email]\" id=\"form-field-email\" class=\"elementor-field elementor-size-sm  elementor-field-textual\" required=\"required\">\n\t\t\t\t\t\t\t\t\t\t\t<\/div>\n\t\t\t\t\t\t\t\t<div class=\"elementor-field-type-tel elementor-field-group elementor-column elementor-field-group-phone elementor-col-33 elementor-field-required elementor-mark-required\">\n\t\t\t\t\t\t\t\t\t\t\t\t<label for=\"form-field-phone\" class=\"elementor-field-label\">\n\t\t\t\t\t\t\t\tTelefon\t\t\t\t\t\t\t<\/label>\n\t\t\t\t\t\t\t\t<input size=\"1\" type=\"tel\" name=\"form_fields[phone]\" id=\"form-field-phone\" class=\"elementor-field elementor-size-sm  elementor-field-textual\" required=\"required\" pattern=\"[0-9()#&amp;+*-=.]+\" title=\"Nur Nummern oder Telefon-Zeichen (#, -, *, etc) werden akzeptiert.\">\n\n\t\t\t\t\t\t<\/div>\n\t\t\t\t\t\t\t\t<div class=\"elementor-field-type-textarea elementor-field-group elementor-column elementor-field-group-message elementor-col-100 elementor-field-required elementor-mark-required\">\n\t\t\t\t\t\t\t\t\t\t\t\t<label for=\"form-field-message\" class=\"elementor-field-label\">\n\t\t\t\t\t\t\t\tNachricht\t\t\t\t\t\t\t<\/label>\n\t\t\t\t\t\t<textarea class=\"elementor-field-textual elementor-field  elementor-size-sm\" name=\"form_fields[message]\" id=\"form-field-message\" rows=\"4\" required=\"required\"><\/textarea>\t\t\t\t<\/div>\n\t\t\t\t\t\t\t\t<div class=\"elementor-field-type-acceptance elementor-field-group elementor-column elementor-field-group-field_3ff6724 elementor-col-100\">\n\t\t\t\t\t\t\t<div class=\"elementor-field-subgroup\">\n\t\t\t<span class=\"elementor-field-option\">\n\t\t\t\t<input type=\"checkbox\" name=\"form_fields[field_3ff6724]\" id=\"form-field-field_3ff6724\" class=\"elementor-field elementor-size-sm  elementor-acceptance-field\">\n\t\t\t\t<label for=\"form-field-field_3ff6724\">Ich erkl\u00e4re mich mit der Verarbeitung meiner Daten gem\u00e4\u00df der <a href=\"\/de\/kontakt\/datenschutz\/\" target=\"_blank\">Datenschutzerkl\u00e4rung<\/a> einverstanden.<\/label>\t\t\t<\/span>\n\t\t<\/div>\n\t\t\t\t\t\t<\/div>\n\t\t\t\t\t\t\t\t<div class=\"elementor-field-type-recaptcha_v3 elementor-field-group elementor-column elementor-field-group-recap elementor-col-100 recaptcha_v3-bottomright\">\n\t\t\t\t\t<div class=\"elementor-field\" id=\"form-field-recap\"><div class=\"elementor-g-recaptcha\" data-sitekey=\"6LdZYEEoAAAAAJZlYWbcwRbfJ1YlJtH3E6DHTRHG\" data-type=\"v3\" data-action=\"Form\" data-badge=\"bottomright\" data-size=\"invisible\"><\/div><\/div>\t\t\t\t<\/div>\n\t\t\t\t\t\t\t\t<div class=\"elementor-field-group elementor-column elementor-field-type-submit elementor-col-33 e-form__buttons\">\n\t\t\t\t\t<button class=\"elementor-button elementor-size-sm\" type=\"submit\">\n\t\t\t\t\t\t<span class=\"elementor-button-content-wrapper\">\n\t\t\t\t\t\t\t\t\t\t\t\t\t\t\t\t\t\t\t\t\t\t<span class=\"elementor-button-text\">Nachricht abschicken<\/span>\n\t\t\t\t\t\t\t\t\t\t\t\t\t<\/span>\n\t\t\t\t\t<\/button>\n\t\t\t\t<\/div>\n\t\t\t<\/div>\n\t\t<\/form>\n\t\t\t\t\t\t<\/div>\n\t\t\t\t<\/div>\n\t\t\t\t\t<\/div>\n\t\t\t\t<\/div>\n\t\t\t\t<\/div>\n\t\t\t\t<\/div>\n\t\t\t\t\t\t<\/div>\n\t\t\t\t<\/div>\n\t\t\t\t\t<\/div>\n\t\t\t\t<\/div>\n\t\t\t\t<\/div>\n\t\t\t\t<\/div>\n\t\t\t\t\t\t<\/div>\n\t\t\t\t<\/div>\n\t\t\t\t\t<\/div>\n\t\t\t\t<\/div>\n\t\t\t\t<\/div>\n\t\t","protected":false},"excerpt":{"rendered":"<p>Gehaltsabrechnungen Ein erfahrenes und professionelles Buchhaltungsteam f\u00fcr das Gehaltsmanagement steht f\u00fcr schnelle und zuverl\u00e4ssige Dienstleistungen rund um alle laufenden Arbeiten des Gehaltsmanagements. Selbstverst\u00e4ndlich decken wir das gesamte Payroll-Angebot ab, einschlie\u00dflich Geh\u00e4lter, Lohnabrechnung, \u00dcberstundenberechnungen, Boni und Reisekosten. Wir werden sicherstellen, dass alle erforderlichen Unterlagen rechtzeitig bei allen verbundenen Parteien eingereicht werden \u2013 einschlie\u00dflich Steuerverwaltung und Sozialversicherung. [&hellip;]<\/p>\n","protected":false},"author":3,"featured_media":0,"parent":1768,"menu_order":9,"comment_status":"closed","ping_status":"closed","template":"","meta":{"footnotes":""},"class_list":["post-2043","page","type-page","status-publish","hentry"],"_links":{"self":[{"href":"https:\/\/firstadvisor.ch\/de\/wp-json\/wp\/v2\/pages\/2043","targetHints":{"allow":["GET"]}}],"collection":[{"href":"https:\/\/firstadvisor.ch\/de\/wp-json\/wp\/v2\/pages"}],"about":[{"href":"https:\/\/firstadvisor.ch\/de\/wp-json\/wp\/v2\/types\/page"}],"author":[{"embeddable":true,"href":"https:\/\/firstadvisor.ch\/de\/wp-json\/wp\/v2\/users\/3"}],"replies":[{"embeddable":true,"href":"https:\/\/firstadvisor.ch\/de\/wp-json\/wp\/v2\/comments?post=2043"}],"version-history":[{"count":25,"href":"https:\/\/firstadvisor.ch\/de\/wp-json\/wp\/v2\/pages\/2043\/revisions"}],"predecessor-version":[{"id":7112,"href":"https:\/\/firstadvisor.ch\/de\/wp-json\/wp\/v2\/pages\/2043\/revisions\/7112"}],"up":[{"embeddable":true,"href":"https:\/\/firstadvisor.ch\/de\/wp-json\/wp\/v2\/pages\/1768"}],"wp:attachment":[{"href":"https:\/\/firstadvisor.ch\/de\/wp-json\/wp\/v2\/media?parent=2043"}],"curies":[{"name":"wp","href":"https:\/\/api.w.org\/{rel}","templated":true}]}}