{"id":1999,"date":"2023-09-29T13:53:28","date_gmt":"2023-09-29T11:53:28","guid":{"rendered":"https:\/\/firstadvisor.ch\/?page_id=1999&#038;lang=de"},"modified":"2025-09-21T12:27:08","modified_gmt":"2025-09-21T10:27:08","slug":"disclaimer","status":"publish","type":"page","link":"https:\/\/firstadvisor.ch\/de\/kontakt\/disclaimer\/","title":{"rendered":"Disclaimer"},"content":{"rendered":"\t\t<div data-elementor-type=\"wp-page\" data-elementor-id=\"1999\" class=\"elementor elementor-1999 elementor-1986\" data-elementor-post-type=\"page\">\n\t\t\t\t<div class=\"elementor-element elementor-element-4a16ce7 e-con-full e-flex e-con e-parent\" data-id=\"4a16ce7\" data-element_type=\"container\" data-e-type=\"container\">\n\t\t\t\t<div class=\"elementor-element elementor-element-57ed7f2 elementor-widget elementor-widget-template\" data-id=\"57ed7f2\" data-element_type=\"widget\" data-e-type=\"widget\" data-widget_type=\"template.default\">\n\t\t\t\t<div class=\"elementor-widget-container\">\n\t\t\t\t\t\t\t<div class=\"elementor-template\">\n\t\t\t\t\t<div data-elementor-type=\"container\" data-elementor-id=\"6464\" class=\"elementor elementor-6464 elementor-5287 elementor-5287\" data-elementor-post-type=\"elementor_library\">\n\t\t\t\t<div class=\"elementor-element elementor-element-4b964ba9 e-flex e-con-boxed e-con e-parent\" data-id=\"4b964ba9\" data-element_type=\"container\" data-e-type=\"container\" data-settings=\"{&quot;background_background&quot;:&quot;classic&quot;}\">\n\t\t\t\t\t<div class=\"e-con-inner\">\n\t\t\t\t<div class=\"elementor-element elementor-element-3101ccc7 elementor-widget elementor-widget-heading\" data-id=\"3101ccc7\" data-element_type=\"widget\" data-e-type=\"widget\" data-widget_type=\"heading.default\">\n\t\t\t\t<div class=\"elementor-widget-container\">\n\t\t\t\t\t<h1 class=\"elementor-heading-title elementor-size-default\">Disclaimer<\/h1>\t\t\t\t<\/div>\n\t\t\t\t<\/div>\n\t\t\t\t\t<\/div>\n\t\t\t\t<\/div>\n\t\t\t\t<\/div>\n\t\t\t\t<\/div>\n\t\t\t\t\t\t<\/div>\n\t\t\t\t<\/div>\n\t\t\t\t<\/div>\n\t\t<div class=\"elementor-element elementor-element-4346e86b small-h2 e-flex e-con-boxed e-con e-parent\" data-id=\"4346e86b\" data-element_type=\"container\" data-e-type=\"container\">\n\t\t\t\t\t<div class=\"e-con-inner\">\n\t\t\t\t<div class=\"elementor-element elementor-element-1040f136 elementor-widget elementor-widget-text-editor\" data-id=\"1040f136\" data-element_type=\"widget\" data-e-type=\"widget\" data-widget_type=\"text-editor.default\">\n\t\t\t\t<div class=\"elementor-widget-container\">\n\t\t\t\t\t\t\t\t\t<strong>UNSER DISCLAIMER VOM 14.06.2022<\/strong><br><h2>1. INFORMATIONEN \u00dcBER UNS<\/h2><br>Diese Website wird von Chenevi\u00e8res Consulting SA &#8211; (&#8222;wir, wir, unser&#8220;) betrieben. Die Firma ist in der Schweiz unter der Firmennummer CHE-100.217.184 (CH-677-3001519-77) registriert und betreibt B\u00fcros in der Bodenstrasse 20, CH-6403 K\u00fcssnacht a. Rigi, Schweiz.<br><br>Um unseren Kunden einen exzellenten Service bieten zu k\u00f6nnen, betreiben wir Serviceeinheiten in verschiedenen Jurisdiktionen.<br><h2>2. ZUGRIFF AUF UNSERE WEBSEITEN<\/h2><br>2.1 Der Zugang zu unseren Websites (www.firstadvisor.ch und www.firstadvisor.net) ist zeitlich befristet. Wir behalten uns das Recht vor, den Service oder die Informationen, die wir auf unserer Website bereitstellen, ohne vorherige Ank\u00fcndigung zur\u00fcckzuziehen oder zu \u00e4ndern. Wir haften nicht, wenn unsere Website zu irgendeinem Zeitpunkt oder aus irgendeinem Grund nicht verf\u00fcgbar ist.<br><br>2.2 Von Zeit zu Zeit k\u00f6nnen wir den Zugriff auf einige Teile unserer Website oder auf unsere gesamte Website f\u00fcr Nutzer einschr\u00e4nken, die sich bei uns registriert haben.<br><br>2.3 Wenn Sie im Rahmen unserer Sicherheitsverfahren einen Benutzeridentifikationscode, ein Passwort oder ein anderes Sicherheitsmerkmal von uns zur Verf\u00fcgung gestellt bekommen, m\u00fcssen Sie diese Informationen als vertraulich behandeln und d\u00fcrfen sie nicht an Dritte weitergeben. Wir haben das Recht, jeden von Ihnen gew\u00e4hlten oder von uns vergebenen Benutzeridentifikationscode oder das Passwort jederzeit zu deaktivieren, wenn Sie unserer Meinung nach einer der Bestimmungen dieser Bedingungen nicht entsprechen.<br><br>2.4 Sie sind daf\u00fcr verantwortlich, alle notwendigen Vorkehrungen zu treffen, damit Sie Zugang zu unserer Website haben. Sie sind auch daf\u00fcr verantwortlich sicherzustellen, dass alle Personen, die \u00fcber Ihre Internetverbindung auf unsere Website zugreifen, Kenntnis von diesen Bedingungen haben und diese einhalten.<br><h2>3. RECHTE AN GEISTIGEM EIGENTUM<\/h2><br>3.1 Wir sind Inhaber oder Lizenznehmer des Urheberrechts und aller anderen geistigen Eigentumsrechte auf unserer Website und in dem darauf ver\u00f6ffentlichten Material. Diese Werke sind durch Urheberrechtsgesetze und Vertr\u00e4ge auf der ganzen Welt gesch\u00fctzt. Alle diese Rechte sind vorbehalten.<br><br>3.2 Sie k\u00f6nnen eine Kopie von jeder Seite (n) unserer Website zu Ihrer pers\u00f6nlichen Information ausdrucken und Ausz\u00fcge daraus herunterladen, und Sie k\u00f6nnen Dritte auf auf unserer Website ver\u00f6ffentlichtes Material aufmerksam machen.<br><br>3.3 Sie d\u00fcrfen das Papier oder die digitalen Kopien von Materialien, die Sie ausgedruckt oder heruntergeladen haben, nicht ver\u00e4ndern, und Sie d\u00fcrfen keine Illustrationen, Fotografien, Video- oder Audiosequenzen oder Grafiken separat von einem begleitenden Text verwenden.<br><br>3.4 Unser Status (und der von identifizierten Mitwirkenden) als Autoren von Material auf unserer Website m\u00fcssen immer anerkannt werden.<br><br>3.5 Sie d\u00fcrfen keinen Teil der Materialien auf unserer Website f\u00fcr kommerzielle Zwecke verwenden, ohne daf\u00fcr eine Lizenz von uns oder unseren Lizenzgebern zu erhalten.<br><br>3.6 Wenn Sie einen Teil unserer Website unter Versto\u00df gegen diese Bedingungen ausdrucken, kopieren oder herunterladen, wird Ihr Recht zur Nutzung unserer Website sofort eingestellt und Sie m\u00fcssen, nach unserer Wahl, Kopien der von Ihnen hergestellten Materialien zur\u00fcckgeben oder vernichten.<br><h2>4. UNSERE WEBSITE \u00c4NDERT SICH REGELM\u00e4SSIG<\/h2><br>Wir sind st\u00e4ndig bem\u00fcht, unsere Website zu aktualisieren und zu verbessern und k\u00f6nnen den Inhalt jederzeit \u00e4ndern. Bei Bedarf k\u00f6nnen wir den Zugriff auf unsere Website sperren oder auf unbestimmte Zeit beenden. Jedes Material auf unserer Website ist m\u00f6glicherweise zu einem bestimmten Zeitpunkt veraltet, und wir sind nicht verpflichtet, solches Material zu aktualisieren.<br><h2>5. HAFTUNG UND VERTRAULICHKEIT DER VER\u00d6FFENTLICHTEN INFORMATIONEN<\/h2><br>5.1 Das auf unserer Website angezeigte Material dient nur der Information und soll nicht eine individuelle Beratung ersetzen. Wir geben keine Garantie oder Zusicherung hinsichtlich der Genauigkeit, Vollst\u00e4ndigkeit oder Zuverl\u00e4ssigkeit von Informationen und \u00fcbernehmen daher auch keine Haftung f\u00fcr Informationen, die Besucher oder andere Personen \u00fcber unserer Website erlangen.<br><br>5.2 Soweit gesetzlich zul\u00e4ssig, schlie\u00dfen wir, andere Mitglieder unserer Unternehmensgruppe und mit uns verbundene Dritte hiermit ausdr\u00fccklich aus:<br><br>5.2.1 Alle Bedingungen, Gew\u00e4hrleistungen und andere Bedingungen, die ansonsten durch das Gesetz, das Gewohnheitsrecht oder das Recht der Billigkeit impliziert werden k\u00f6nnten; und<br><br>5.2.2 Jegliche Haftung f\u00fcr direkte, indirekte oder Folgesch\u00e4den, die einem Benutzer im Zusammenhang mit unserer Website oder in Verbindung mit der Nutzung, der Unm\u00f6glichkeit der Nutzung oder den Ergebnissen der Nutzung unserer Website, der damit verkn\u00fcpften Websites und \/ oder alle darauf ver\u00f6ffentlichten Materialien, einschlie\u00dflich, jedoch ohne Einschr\u00e4nkung, f\u00fcr:<br><br>5.2.2.1 Verlust von Einkommen oder Einnahmen; 5.2.2.2 Gesch\u00e4ftsverlust; 5.2.2.3 Verlust von Gewinnen oder Vertr\u00e4gen; 5.2.2.4 Verlust der erwarteten Einsparungen; 5.2.2.5 Datenverlust; 5.2.2.6 Verlust von Goodwill; 5.2.2.7 verschwendete Management- oder B\u00fcrozeit; und 5.2.2.8 f\u00fcr jeglichen anderen Verlust oder Schaden irgendwelcher Art, gleichg\u00fcltig, welcher Art auch immer und unabh\u00e4ngig davon, ob es aus unerlaubter Handlung (einschlie\u00dflich Fahrl\u00e4ssigkeit), Vertragsbruch oder anderweitig verursacht wurde.<br><br>5.3 Nichts in diesen Bedingungen ber\u00fchrt unsere Haftung f\u00fcr Tod oder K\u00f6rperverletzung, die aus unserer Fahrl\u00e4ssigkeit resultiert, noch unsere Haftung f\u00fcr betr\u00fcgerische Falsch- oder Falschdarstellungen in Bezug auf eine grundlegende Angelegenheit oder irgendeine andere Haftung, die nicht nach geltendem Recht ausgeschlossen oder beschr\u00e4nkt werden kann.<br><h2>6. INFORMATION \u00dcBER IHRE BESUCHE AUF UNSERER WEBSITE<\/h2><br>Wir verarbeiten Informationen \u00fcber Sie in \u00fcbereinstimmung mit unserer Datenschutzerkl\u00e4rung. Durch die Nutzung unserer Website stimmen Sie dieser Verarbeitung zu und gew\u00e4hrleisten, dass alle von Ihnen zur Verf\u00fcgung gestellten Daten korrekt sind.<br><h2>7. \u00dcBER UNSERE WEBSITE ABGESCHLOSSENE TRANSAKTIONEN<\/h2><br>Vertr\u00e4ge \u00fcber die Bereitstellung von Dienstleistungen, die auf unserer Website oder aufgrund von Besuchen durch Sie erstellt werden, unterliegen unseren Allgemeinen Gesch\u00e4ftsbedingungen.<br><h2>8. VERBOTENE NUTZUNG<\/h2><br>8.1 Sie d\u00fcrfen unsere Website nur f\u00fcr rechtm\u00e4\u00dfige Zwecke nutzen. Sie d\u00fcrfen unsere Website nicht nutzen:<br><br>8.1.1 in irgendeiner Weise, die gegen geltendes lokales, nationales oder internationales Recht verst\u00f6\u00dft;<br><br>8.1.2 in irgendeiner Weise, die rechtswidrig oder betr\u00fcgerisch ist oder einen rechtswidrigen oder betr\u00fcgerischen Zweck oder eine unrechtm\u00e4\u00dfige Wirkung hat;<br><br>8.1.3 zum Zweck der Verletzung oder des Versuchs, Minderj\u00e4hrigen in irgendeiner Weise zu schaden; oder<br><br>8.1.4 unerlaubtes oder nicht genehmigtes Werbe- oder Promotionsmaterial oder eine \u00e4hnliche Form der Werbung (Spam) zu \u00fcbermitteln oder zu versenden.<br><br>8.2 Sie stimmen auch zu:<br><br>8.2.1 keinen Teil unserer Website unter Versto\u00df gegen die Bestimmungen dieser Bedingungen zu vervielf\u00e4ltigen, zu vervielf\u00e4ltigen, zu kopieren oder weiterzuverkaufen;<br><br>8.2.2 nicht ohne Befugnis zugreifen, st\u00f6ren, besch\u00e4digen oder st\u00f6ren:<br><br>8.2.2.1 irgendein Teil unserer Website;<br><br>8.2.2.2 jedes Ger\u00e4t oder Netzwerk, auf dem unsere Website gespeichert ist;<br><br>8.2.2.3 jede Software, die bei der Bereitstellung unserer Website verwendet wird; oder<br><br>8.2.2.4 jegliche Ausr\u00fcstung oder Netzwerk oder Software, die einer dritten Partei geh\u00f6rt oder von ihr verwendet wird.<br><h2>9. VIREN, HACKING UND ANDERE GEF\u00c4HRDUNGEN<\/h2><br>9.1 Sie d\u00fcrfen unsere Website nicht missbrauchen, indem Sie wissentlich Viren, Trojaner, W\u00fcrmer, logische Bomben, Keylogger, Spyware, Adware oder anderes sch\u00e4dliches oder technologisch sch\u00e4dliches Material einf\u00fchren. Sie d\u00fcrfen nicht versuchen, unbefugten Zugriff auf unsere Website, den Server, auf dem unsere Website gespeichert ist, oder auf Server, Computer oder Datenbanken, die mit unserer Website verbunden sind, zu erlangen. Sie d\u00fcrfen unsere Website nicht \u00fcber einen Denial-of-Service-Angriff oder einen verteilten Denial-of-Service-Angriff angreifen.<br><br>9.2 Wenn Sie gegen diese Bestimmung versto\u00dfen, begehen Sie eine Straftat nach geltendem Recht. Wir werden solche Verst\u00f6\u00dfe den zust\u00e4ndigen Strafverfolgungsbeh\u00f6rden melden, und wir werden mit diesen Beh\u00f6rden zusammenarbeiten, indem wir Ihnen Ihre Identit\u00e4t mitteilen. Im Falle eines solchen Versto\u00dfes wird Ihr Recht zur Nutzung unserer Website unverz\u00fcglich eingestellt.<br><br>9.3 Wir haften nicht f\u00fcr Verluste oder Sch\u00e4den, die durch verteilte Denial-of-Service-Attacken, Viren oder andere technologisch sch\u00e4dliche Materialien verursacht werden, die Ihre Computerausr\u00fcstung, Computerprogramme, Daten oder anderes urheberrechtlich gesch\u00fctztes Material aufgrund Ihrer Nutzung unserer Website infizieren k\u00f6nnen oder zum Herunterladen von Material, das darauf oder auf einer damit verlinkten Website ver\u00f6ffentlicht wurde.<br><h2>10. AUFHEBUNG UND BEENDIGUNG<\/h2><br>10.1 Wir werden nach eigenem Ermessen feststellen, ob ein Versto\u00df gegen diese Bedingungen durch Ihre Nutzung unserer Website vorliegt. Wenn ein Versto\u00df gegen diese Bedingungen vorliegt, k\u00f6nnen wir Ma\u00dfnahmen ergreifen, die wir f\u00fcr angemessen halten.<br><br>10.2 Die Nichteinhaltung dieser Bedingungen kann dazu f\u00fchren, dass wir alle oder eine der folgenden Ma\u00dfnahmen ergreifen:<br><br>10.2.1 sofortiger, vor\u00fcbergehender oder dauerhafter Entzug Ihres Rechts zur Nutzung unserer Website;<br><br>10.2.2 Ausgabe einer Warnung an Sie;<br><br>10.2.3 rechtliche Schritte gegen Sie wegen der Erstattung aller Kosten aufgrund einer Entsch\u00e4digung (einschlie\u00dflich, aber nicht beschr\u00e4nkt auf angemessene Verwaltungs- und Rechtskosten), die sich aus der Verletzung ergeben;<br><br>10.2.4 weitere rechtliche Schritte gegen Sie;<br><br>10.2.5 Weitergabe solcher Informationen an die Strafverfolgungsbeh\u00f6rden, soweit wir dies f\u00fcr notwendig erachten.<br><br>10.3 Wir schlie\u00dfen die Haftung f\u00fcr Handlungen aufgrund von Verst\u00f6\u00dfen gegen diese Bedingungen aus. Die in diesen Bedingungen beschriebenen Antworten sind nicht begrenzt, und wir k\u00f6nnen alle anderen Ma\u00dfnahmen ergreifen, die wir angemessen f\u00fcr angemessen halten.<br><h2>11. LINKS ZU UNSERER WEBSITE<\/h2><br>11.1 Sie k\u00f6nnen auf unsere Homepage verlinken, vorausgesetzt Sie tun dies auf eine faire und legale Art und Weise, sch\u00e4digen unseren Ruf nicht und nutzen ihn nicht aus, aber Sie d\u00fcrfen keinen Link herstellen, der irgendeine Form von Vereinigung, Zustimmung oder Billigung unsererseits, wo keine existiert.<br><br>11.2 Sie d\u00fcrfen keinen Link von einer Website herstellen, die nicht Ihr Eigentum ist.<br><br>11.3 Unsere Website darf nicht auf einer anderen Website eingerahmt werden, noch d\u00fcrfen Sie einen Link zu einem anderen Teil unserer Website als der Homepage erstellen. Wir behalten uns das Recht vor, die Verlinkung ohne Vorank\u00fcndigung zu widerrufen.<br><br>11.4 Wenn Sie auf unserer Website andere als die oben genannten Materialien verwenden m\u00f6chten, wenden Sie sich bitte schriftlich an uns unter der unten genannten Adresse oder nutzen Sie unser <a href=\"https:\/\/firstadvisor.ch\/de\/kontakt\/kontaktformular\/\">Kontaktformular<\/a>.\t\t\t\t\t\t\t\t<\/div>\n\t\t\t\t<\/div>\n\t\t\t\t\t<\/div>\n\t\t\t\t<\/div>\n\t\t\t\t<\/div>\n\t\t","protected":false},"excerpt":{"rendered":"<p>UNSER DISCLAIMER VOM 14.06.2022 1. INFORMATIONEN \u00dcBER UNS Diese Website wird von Chenevi\u00e8res Consulting SA &#8211; (&#8222;wir, wir, unser&#8220;) betrieben. Die Firma ist in der Schweiz unter der Firmennummer CHE-100.217.184 (CH-677-3001519-77) registriert und betreibt B\u00fcros in der Bodenstrasse 20, CH-6403 K\u00fcssnacht a. Rigi, Schweiz. Um unseren Kunden einen exzellenten Service bieten zu k\u00f6nnen, betreiben wir [&hellip;]<\/p>\n","protected":false},"author":3,"featured_media":0,"parent":1705,"menu_order":2,"comment_status":"closed","ping_status":"closed","template":"","meta":{"footnotes":""},"class_list":["post-1999","page","type-page","status-publish","hentry"],"_links":{"self":[{"href":"https:\/\/firstadvisor.ch\/de\/wp-json\/wp\/v2\/pages\/1999","targetHints":{"allow":["GET"]}}],"collection":[{"href":"https:\/\/firstadvisor.ch\/de\/wp-json\/wp\/v2\/pages"}],"about":[{"href":"https:\/\/firstadvisor.ch\/de\/wp-json\/wp\/v2\/types\/page"}],"author":[{"embeddable":true,"href":"https:\/\/firstadvisor.ch\/de\/wp-json\/wp\/v2\/users\/3"}],"replies":[{"embeddable":true,"href":"https:\/\/firstadvisor.ch\/de\/wp-json\/wp\/v2\/comments?post=1999"}],"version-history":[{"count":27,"href":"https:\/\/firstadvisor.ch\/de\/wp-json\/wp\/v2\/pages\/1999\/revisions"}],"predecessor-version":[{"id":7405,"href":"https:\/\/firstadvisor.ch\/de\/wp-json\/wp\/v2\/pages\/1999\/revisions\/7405"}],"up":[{"embeddable":true,"href":"https:\/\/firstadvisor.ch\/de\/wp-json\/wp\/v2\/pages\/1705"}],"wp:attachment":[{"href":"https:\/\/firstadvisor.ch\/de\/wp-json\/wp\/v2\/media?parent=1999"}],"curies":[{"name":"wp","href":"https:\/\/api.w.org\/{rel}","templated":true}]}}