{"id":1980,"date":"2023-09-29T13:53:30","date_gmt":"2023-09-29T11:53:30","guid":{"rendered":"https:\/\/firstadvisor.ch\/?page_id=1980&#038;lang=de"},"modified":"2023-09-29T13:53:30","modified_gmt":"2023-09-29T11:53:30","slug":"historie","status":"publish","type":"page","link":"https:\/\/firstadvisor.ch\/de\/kontakt\/firmaueberuns\/historie\/","title":{"rendered":"Historie"},"content":{"rendered":"\t\t<div data-elementor-type=\"wp-page\" data-elementor-id=\"1980\" class=\"elementor elementor-1980 elementor-11\" data-elementor-post-type=\"page\">\n\t\t\t\t<div class=\"elementor-element elementor-element-6626fb1 e-con-full e-flex e-con e-parent\" data-id=\"6626fb1\" data-element_type=\"container\" data-e-type=\"container\">\n\t\t\t\t<div class=\"elementor-element elementor-element-0f6cc69 elementor-widget elementor-widget-template\" data-id=\"0f6cc69\" data-element_type=\"widget\" data-e-type=\"widget\" data-widget_type=\"template.default\">\n\t\t\t\t<div class=\"elementor-widget-container\">\n\t\t\t\t\t\t\t<div class=\"elementor-template\">\n\t\t\t\t\t<div data-elementor-type=\"container\" data-elementor-id=\"6464\" class=\"elementor elementor-6464 elementor-5287 elementor-5287\" data-elementor-post-type=\"elementor_library\">\n\t\t\t\t<div class=\"elementor-element elementor-element-4b964ba9 e-flex e-con-boxed e-con e-parent\" data-id=\"4b964ba9\" data-element_type=\"container\" data-e-type=\"container\" data-settings=\"{&quot;background_background&quot;:&quot;classic&quot;}\">\n\t\t\t\t\t<div class=\"e-con-inner\">\n\t\t\t\t<div class=\"elementor-element elementor-element-3101ccc7 elementor-widget elementor-widget-heading\" data-id=\"3101ccc7\" data-element_type=\"widget\" data-e-type=\"widget\" data-widget_type=\"heading.default\">\n\t\t\t\t<div class=\"elementor-widget-container\">\n\t\t\t\t\t<h1 class=\"elementor-heading-title elementor-size-default\">Historie<\/h1>\t\t\t\t<\/div>\n\t\t\t\t<\/div>\n\t\t\t\t\t<\/div>\n\t\t\t\t<\/div>\n\t\t\t\t<\/div>\n\t\t\t\t<\/div>\n\t\t\t\t\t\t<\/div>\n\t\t\t\t<\/div>\n\t\t\t\t<\/div>\n\t\t<div class=\"elementor-element elementor-element-5cb270f e-flex e-con-boxed e-con e-parent\" data-id=\"5cb270f\" data-element_type=\"container\" data-e-type=\"container\">\n\t\t\t\t\t<div class=\"e-con-inner\">\n\t\t<div class=\"elementor-element elementor-element-2a5000b e-flex e-con-boxed e-con e-child\" data-id=\"2a5000b\" data-element_type=\"container\" data-e-type=\"container\">\n\t\t\t\t\t<div class=\"e-con-inner\">\n\t\t\t\t<div class=\"elementor-element elementor-element-35e1288 elementor-widget elementor-widget-image\" data-id=\"35e1288\" data-element_type=\"widget\" data-e-type=\"widget\" data-widget_type=\"image.default\">\n\t\t\t\t<div class=\"elementor-widget-container\">\n\t\t\t\t\t\t\t\t\t\t\t\t\t\t\t<img fetchpriority=\"high\" decoding=\"async\" width=\"370\" height=\"360\" src=\"https:\/\/firstadvisor.ch\/wp-content\/uploads\/2014\/11\/team3.jpg\" class=\"attachment-large size-large wp-image-1935\" alt=\"\" srcset=\"https:\/\/firstadvisor.ch\/wp-content\/uploads\/2014\/11\/team3.jpg 370w, https:\/\/firstadvisor.ch\/wp-content\/uploads\/2014\/11\/team3-300x292.jpg 300w, https:\/\/firstadvisor.ch\/wp-content\/uploads\/2014\/11\/team3-360x350.jpg 360w\" sizes=\"(max-width: 370px) 100vw, 370px\" \/>\t\t\t\t\t\t\t\t\t\t\t\t\t\t\t<\/div>\n\t\t\t\t<\/div>\n\t\t\t\t\t<\/div>\n\t\t\t\t<\/div>\n\t\t<div class=\"elementor-element elementor-element-3d6db44 e-flex e-con-boxed e-con e-child\" data-id=\"3d6db44\" data-element_type=\"container\" data-e-type=\"container\">\n\t\t\t\t\t<div class=\"e-con-inner\">\n\t\t\t\t<div class=\"elementor-element elementor-element-56a07cb elementor-widget elementor-widget-heading\" data-id=\"56a07cb\" data-element_type=\"widget\" data-e-type=\"widget\" data-widget_type=\"heading.default\">\n\t\t\t\t<div class=\"elementor-widget-container\">\n\t\t\t\t\t<h2 class=\"elementor-heading-title elementor-size-default\">Aktuelle Firmenhistorie<\/h2>\t\t\t\t<\/div>\n\t\t\t\t<\/div>\n\t\t\t\t<div class=\"elementor-element elementor-element-b93807a elementor-widget elementor-widget-text-editor\" data-id=\"b93807a\" data-element_type=\"widget\" data-e-type=\"widget\" data-widget_type=\"text-editor.default\">\n\t\t\t\t<div class=\"elementor-widget-container\">\n\t\t\t\t\t\t\t\t\t<p>Unsere Reise begann bereits Anfang 1998. Wir hatten eine Vision und begannen lokal in der Schweiz. Dann dehnten wir uns langsam auf die Spezialisierung des EU-Landes auf LEGAL &amp; TAX-Beratung aus und bieten eine kleine Auswahl an Corporate Services an.<\/p>\n<p>Anschlie\u00dfend haben wir unsere Dienstleistungen auf komplette Gesch\u00e4ftsl\u00f6sungen ausgeweitet. Internationale Steuerberatung, Rechnungswesen und Management Accounting sowie ein breites Spektrum an Corporate Services. Wir betreuen mittlerweile einige hundert Mandanten weltweit und betreiben derzeit B\u00fcros in f\u00fcnf L\u00e4ndern.<\/p>\n<p>Heute konzentrieren wir uns haupts\u00e4chlich auf Steuerberatung und Steuerstreitigkeiten, Mehrwertsteuerberatung und alle Arten von Vorschriften, die Unternehmen akzeptieren und einhalten m\u00fcssen, wobei ein hohes Ma\u00df an Controlling und Compliance aufrechterhalten werden muss. Ein vollst\u00e4ndiges Angebot an Accounting Services, einschlie\u00dflich Gehaltsmanagement, Unternehmensberatung f\u00fcr KMU, Transaktionsmanagement und Verwaltung von Corporate Services, wird jedoch immer eine wesentliche Rolle in unserem Gesch\u00e4ftsmodell spielen und war ein F\u00f6rderer f\u00fcr unseren Erfolg in der j\u00fcngeren Unternehmensgeschichte.<\/p>\n<p>Durch die Verbindung mit der TAXEDO Group k\u00f6nnen wir auf ein Netzwerk professioneller Mitarbeiter im In- und Ausland zugreifen, das den Kunden eine un\u00fcbertroffene Zufriedenheit bieten wird.<\/p>\n<p>Nehmen Sie unter +41 41 511 1810 Kontakt mit uns auf. Unsere Berater geben Ihnen gerne eine kostenlose Einf\u00fchrung und senden Ihnen ein Angebot.<\/p>\n\t\t\t\t\t\t\t\t<\/div>\n\t\t\t\t<\/div>\n\t\t\t\t\t<\/div>\n\t\t\t\t<\/div>\n\t\t\t\t\t<\/div>\n\t\t\t\t<\/div>\n\t\t\t\t<\/div>\n\t\t","protected":false},"excerpt":{"rendered":"<p>Aktuelle Firmenhistorie Unsere Reise begann bereits Anfang 1998. Wir hatten eine Vision und begannen lokal in der Schweiz. Dann dehnten wir uns langsam auf die Spezialisierung des EU-Landes auf LEGAL &amp; TAX-Beratung aus und bieten eine kleine Auswahl an Corporate Services an. Anschlie\u00dfend haben wir unsere Dienstleistungen auf komplette Gesch\u00e4ftsl\u00f6sungen ausgeweitet. Internationale Steuerberatung, Rechnungswesen und [&hellip;]<\/p>\n","protected":false},"author":3,"featured_media":0,"parent":1955,"menu_order":1,"comment_status":"closed","ping_status":"closed","template":"","meta":{"footnotes":""},"class_list":["post-1980","page","type-page","status-publish","hentry"],"_links":{"self":[{"href":"https:\/\/firstadvisor.ch\/de\/wp-json\/wp\/v2\/pages\/1980","targetHints":{"allow":["GET"]}}],"collection":[{"href":"https:\/\/firstadvisor.ch\/de\/wp-json\/wp\/v2\/pages"}],"about":[{"href":"https:\/\/firstadvisor.ch\/de\/wp-json\/wp\/v2\/types\/page"}],"author":[{"embeddable":true,"href":"https:\/\/firstadvisor.ch\/de\/wp-json\/wp\/v2\/users\/3"}],"replies":[{"embeddable":true,"href":"https:\/\/firstadvisor.ch\/de\/wp-json\/wp\/v2\/comments?post=1980"}],"version-history":[{"count":17,"href":"https:\/\/firstadvisor.ch\/de\/wp-json\/wp\/v2\/pages\/1980\/revisions"}],"predecessor-version":[{"id":6598,"href":"https:\/\/firstadvisor.ch\/de\/wp-json\/wp\/v2\/pages\/1980\/revisions\/6598"}],"up":[{"embeddable":true,"href":"https:\/\/firstadvisor.ch\/de\/wp-json\/wp\/v2\/pages\/1955"}],"wp:attachment":[{"href":"https:\/\/firstadvisor.ch\/de\/wp-json\/wp\/v2\/media?parent=1980"}],"curies":[{"name":"wp","href":"https:\/\/api.w.org\/{rel}","templated":true}]}}