{"id":1955,"date":"2023-09-29T13:53:29","date_gmt":"2023-09-29T11:53:29","guid":{"rendered":"https:\/\/firstadvisor.ch\/?page_id=1955&#038;lang=de"},"modified":"2023-09-29T15:30:07","modified_gmt":"2023-09-29T13:30:07","slug":"firmaueberuns","status":"publish","type":"page","link":"https:\/\/firstadvisor.ch\/de\/kontakt\/firmaueberuns\/","title":{"rendered":"Unsere Firma"},"content":{"rendered":"\t\t<div data-elementor-type=\"wp-page\" data-elementor-id=\"1955\" class=\"elementor elementor-1955 elementor-1953\" data-elementor-post-type=\"page\">\n\t\t\t\t<div class=\"elementor-element elementor-element-4a4adf3 e-con-full e-flex e-con e-parent\" data-id=\"4a4adf3\" data-element_type=\"container\" data-e-type=\"container\">\n\t\t\t\t<div class=\"elementor-element elementor-element-f31359e elementor-widget elementor-widget-template\" data-id=\"f31359e\" data-element_type=\"widget\" data-e-type=\"widget\" data-widget_type=\"template.default\">\n\t\t\t\t<div class=\"elementor-widget-container\">\n\t\t\t\t\t\t\t<div class=\"elementor-template\">\n\t\t\t\t\t<div data-elementor-type=\"container\" data-elementor-id=\"6464\" class=\"elementor elementor-6464 elementor-5287 elementor-5287\" data-elementor-post-type=\"elementor_library\">\n\t\t\t\t<div class=\"elementor-element elementor-element-4b964ba9 e-flex e-con-boxed e-con e-parent\" data-id=\"4b964ba9\" data-element_type=\"container\" data-e-type=\"container\" data-settings=\"{&quot;background_background&quot;:&quot;classic&quot;}\">\n\t\t\t\t\t<div class=\"e-con-inner\">\n\t\t\t\t<div class=\"elementor-element elementor-element-3101ccc7 elementor-widget elementor-widget-heading\" data-id=\"3101ccc7\" data-element_type=\"widget\" data-e-type=\"widget\" data-widget_type=\"heading.default\">\n\t\t\t\t<div class=\"elementor-widget-container\">\n\t\t\t\t\t<h1 class=\"elementor-heading-title elementor-size-default\">Unsere Firma<\/h1>\t\t\t\t<\/div>\n\t\t\t\t<\/div>\n\t\t\t\t\t<\/div>\n\t\t\t\t<\/div>\n\t\t\t\t<\/div>\n\t\t\t\t<\/div>\n\t\t\t\t\t\t<\/div>\n\t\t\t\t<\/div>\n\t\t\t\t<\/div>\n\t\t<div class=\"elementor-element elementor-element-a646909 e-flex e-con-boxed e-con e-parent\" data-id=\"a646909\" data-element_type=\"container\" data-e-type=\"container\">\n\t\t\t\t\t<div class=\"e-con-inner\">\n\t\t<div class=\"elementor-element elementor-element-e26488d e-flex e-con-boxed e-con e-child\" data-id=\"e26488d\" data-element_type=\"container\" data-e-type=\"container\">\n\t\t\t\t\t<div class=\"e-con-inner\">\n\t\t\t\t<div class=\"elementor-element elementor-element-028e833 elementor-widget elementor-widget-image\" data-id=\"028e833\" data-element_type=\"widget\" data-e-type=\"widget\" data-widget_type=\"image.default\">\n\t\t\t\t<div class=\"elementor-widget-container\">\n\t\t\t\t\t\t\t\t\t\t\t\t\t\t\t<img fetchpriority=\"high\" decoding=\"async\" width=\"570\" height=\"380\" src=\"https:\/\/firstadvisor.ch\/wp-content\/uploads\/2016\/01\/team3-570x380.jpg\" class=\"attachment-medium_large size-medium_large wp-image-1819\" alt=\"\" srcset=\"https:\/\/firstadvisor.ch\/wp-content\/uploads\/2016\/01\/team3-570x380.jpg 570w, https:\/\/firstadvisor.ch\/wp-content\/uploads\/2016\/01\/team3-570x380-300x200.jpg 300w, https:\/\/firstadvisor.ch\/wp-content\/uploads\/2016\/01\/team3-570x380-370x247.jpg 370w, https:\/\/firstadvisor.ch\/wp-content\/uploads\/2016\/01\/team3-570x380-360x240.jpg 360w\" sizes=\"(max-width: 570px) 100vw, 570px\" \/>\t\t\t\t\t\t\t\t\t\t\t\t\t\t\t<\/div>\n\t\t\t\t<\/div>\n\t\t\t\t\t<\/div>\n\t\t\t\t<\/div>\n\t\t<div class=\"elementor-element elementor-element-b1386f3 e-flex e-con-boxed e-con e-child\" data-id=\"b1386f3\" data-element_type=\"container\" data-e-type=\"container\">\n\t\t\t\t\t<div class=\"e-con-inner\">\n\t\t\t\t<div class=\"elementor-element elementor-element-b7cc208 elementor-widget elementor-widget-heading\" data-id=\"b7cc208\" data-element_type=\"widget\" data-e-type=\"widget\" data-widget_type=\"heading.default\">\n\t\t\t\t<div class=\"elementor-widget-container\">\n\t\t\t\t\t<h2 class=\"elementor-heading-title elementor-size-default\">Unsere Firma<\/h2>\t\t\t\t<\/div>\n\t\t\t\t<\/div>\n\t\t\t\t<div class=\"elementor-element elementor-element-25a049f2 elementor-widget elementor-widget-text-editor\" data-id=\"25a049f2\" data-element_type=\"widget\" data-e-type=\"widget\" data-widget_type=\"text-editor.default\">\n\t\t\t\t<div class=\"elementor-widget-container\">\n\t\t\t\t\t\t\t\t\tUnsere Firma ist in der Schweiz zuhause und kann auf mehr als zwei Jahrzehnte Erfahrung im Consulting verweisen. Als Management Consultancy sind wir auf Corporate Services fokussiert und besch\u00e4ftigen uns auch mit Legal und Tax Advisory. Durch unsere Spezialisierung auf Steuern im Allgemeinen und International Taxation im Besonderen sowie auf internationales Gesellschaftsrecht (Corporate Law), k\u00f6nnen wir Truststrukturen und Firmengr\u00fcndungen weltweit anbieten. Zusammen mit den von uns zus\u00e4tzlich offerierten umfassenden Services k\u00f6nnen wir so ein nachhaltiges Management dieser Strukturen unter Ber\u00fccksichtigung der gesetzlichen und steuerlichen Rahmenbedingungen nahezu garantieren. Zudem wissen wir, das in manchen Situationen \u201eZeit Geld ist\u201c und halten daher immer eine Reihe von Vorratsgesellschaften an ausgew\u00e4hlten Standorten vor.\r\n\r\nWir arrangieren die Gr\u00fcndung, den Kauf oder Verkauf von Gesellschaften und bereiten auch Projektgesellschaften f\u00fcr den speziellen Einsatz startklar vor und zeichnen uns f\u00fcr das gesamte Set-Up zust\u00e4ndig. Dies umfasst nach Absprache ggf. auch ben\u00f6tigte Lizenzen und beh\u00f6rdliche Genehmigungen.\r\n\r\nWir begleiten zudem im Rahmen einer beabsichtigten Nachfolgeplanung den Transfer von Aktien in aktiven Gesellschaften in Europa, sei es in MBO\u2019s, MBI,\u2019s oder in komplexen Strukturen sofern die Gesellschaft in Familienhand verbleiben soll.\r\n\r\nGerade wenn Sie die sich st\u00e4ndig \u00e4ndernden Rahmenbedingungen und insbesondere die ausufernden rechtlichen und steuerlichen Regularien vor Augen halten, ist eine unabh\u00e4ngige und fachliche Beratung bei komplexen Strukturen und anstehenden Restrukturierungsma\u00dfnahmen in den Unternehmen sowie Unternehmensteilen von wesentlicher Bedeutung. Genau das bieten wir an \u2013 effiziente Gesellschafts- und Holdingstrukturen weltweit.\r\n\r\nUnsere Firma konzentriert sich haupts\u00e4chlich auf EU-Gesellschaften, Gesellschaften in der Schweiz und Liechtenstein, Offshoregesellschaften in akzeptablen Jurisdiktionen und der Gr\u00fcndung von Stiftungen sowie Trusts mit angels\u00e4sischer Auspr\u00e4gung im Common Law.\r\n\r\nFalls Sie neue M\u00e4rkte in einer Jurisdiktion erschliessen m\u00f6chten die nicht genannt ist, sprechen Sie uns bitte darauf an. Aufgrund unseres grossen Netzwerkes k\u00f6nnen wir selbst in solchen F\u00e4llen eine vorteilhafte und sichere L\u00f6sung anbieten.\r\n\r\nUnsere Experten im internationalen Steuerrecht k\u00fcmmern sich um die Restrukturierung Ihrer Gesellschaft unter Ber\u00fccksichtigung geltender Gesetze und nach steuerlichen Vorschriften. Um nachhaltige L\u00f6sungen zu erzielen, ber\u00fccksichtigen wir dabei stets Ihre pers\u00f6nlichen Lebensumst\u00e4nde sowie existierende Doppelbesteuerungsabkommen, um Ihre Ziele zu verwirklichen.\r\n\r\nAufgrund unseres existierenden internationalen Netzwerks, k\u00f6nnen wir eine One-Stop-Solution aus einer Hand anbieten \u2013 von Vorratsgesellschaften und Treuhand-Services zur bis hin Assistenz im Bereich Financial Services (Bankkonten \u2013 Kreditkarten \u2013 Letters-of-Credit \u2013 Grundschulden und Hypotheken). Unsere Expertise und Erfahrung von inzwischen fast 25 Jahre im Gesch\u00e4ft stellt demnach eine Garantie f\u00fcr die hohe Qualit\u00e4t unserer Services dar und wird sicherlich auch Ihren Anforderungen an Beratung sowie Ausf\u00fchrung der Planungen gerecht.\r\n\r\nWeitere ausf\u00fchrliche Informationen \u00fcber unser Legal &amp; Tax Advisory sowie zus\u00e4tzlicher von uns angebotener Services finden Sie auf unseren Websites.\r\n\r\nWir zielen \u00fcbrigens nicht darauf ab, der billigste Anbieter am Markt f\u00fcr Corporate Services (Unternehmensgr\u00fcndungen und dazugeh\u00f6rige Dienstleistungen) zu sein, daf\u00fcr bieten wir aber auch individuelle L\u00f6sungen an. In einem strategischen Prozess bestimmen wir, welche Vorgehensweise im besten Interesse des Kunden ist und werden Chancen sowie etwaige Risiken identifizieren. Im nachfolgenden Prozess implementieren wir die gesetzten Ziele unserer Kunden folgerichtig nach gesetzlichen Vorgaben und steuerlichen Rahmenbedingungen. Unserer Meinung nach ist dies der einzige solide Weg, Projekte erfolgreich umzusetzen. Das ist unser Ziel und in dieser Hinsicht sind unsere Preise mehr als wettbewerbsf\u00e4hig.\r\n\r\nDenn Ihr Erfolg ist auch unser Erfolg. Unser Markenzeichen sind positive Referenzen von unseren Kunden. Fordern Sie uns.\t\t\t\t\t\t\t\t<\/div>\n\t\t\t\t<\/div>\n\t\t\t\t\t<\/div>\n\t\t\t\t<\/div>\n\t\t\t\t\t<\/div>\n\t\t\t\t<\/div>\n\t\t\t\t<\/div>\n\t\t","protected":false},"excerpt":{"rendered":"<p>Unsere Firma Unsere Firma ist in der Schweiz zuhause und kann auf mehr als zwei Jahrzehnte Erfahrung im Consulting verweisen. Als Management Consultancy sind wir auf Corporate Services fokussiert und besch\u00e4ftigen uns auch mit Legal und Tax Advisory. Durch unsere Spezialisierung auf Steuern im Allgemeinen und International Taxation im Besonderen sowie auf internationales Gesellschaftsrecht (Corporate [&hellip;]<\/p>\n","protected":false},"author":3,"featured_media":0,"parent":1705,"menu_order":7,"comment_status":"closed","ping_status":"closed","template":"","meta":{"footnotes":""},"class_list":["post-1955","page","type-page","status-publish","hentry"],"_links":{"self":[{"href":"https:\/\/firstadvisor.ch\/de\/wp-json\/wp\/v2\/pages\/1955","targetHints":{"allow":["GET"]}}],"collection":[{"href":"https:\/\/firstadvisor.ch\/de\/wp-json\/wp\/v2\/pages"}],"about":[{"href":"https:\/\/firstadvisor.ch\/de\/wp-json\/wp\/v2\/types\/page"}],"author":[{"embeddable":true,"href":"https:\/\/firstadvisor.ch\/de\/wp-json\/wp\/v2\/users\/3"}],"replies":[{"embeddable":true,"href":"https:\/\/firstadvisor.ch\/de\/wp-json\/wp\/v2\/comments?post=1955"}],"version-history":[{"count":28,"href":"https:\/\/firstadvisor.ch\/de\/wp-json\/wp\/v2\/pages\/1955\/revisions"}],"predecessor-version":[{"id":7160,"href":"https:\/\/firstadvisor.ch\/de\/wp-json\/wp\/v2\/pages\/1955\/revisions\/7160"}],"up":[{"embeddable":true,"href":"https:\/\/firstadvisor.ch\/de\/wp-json\/wp\/v2\/pages\/1705"}],"wp:attachment":[{"href":"https:\/\/firstadvisor.ch\/de\/wp-json\/wp\/v2\/media?parent=1955"}],"curies":[{"name":"wp","href":"https:\/\/api.w.org\/{rel}","templated":true}]}}